{"id":98,"date":"2016-05-11T22:21:50","date_gmt":"2016-05-11T22:21:50","guid":{"rendered":"http:\/\/www.mestrephp.com.br\/wordpress\/?page_id=98"},"modified":"2016-05-11T22:21:50","modified_gmt":"2016-05-11T22:21:50","slug":"marinhas-estrangeiras","status":"publish","type":"page","link":"https:\/\/www.asttral.com.br\/wordpress\/links-uteis\/marinhas-estrangeiras\/","title":{"rendered":"Marinhas Estrangeiras"},"content":{"rendered":"<ul>\n<li><a href=\"http:\/\/www.deutschemarine.de\/\" target=\"_blank\">Alemanha<\/a><\/li>\n<li><a href=\"http:\/\/www.ara.mil.ar\/\" target=\"_blank\">Argentina<\/a><\/li>\n<li><a href=\"http:\/\/www.navy.gov.au\/\" target=\"_blank\">Austr\u00e1lia &#8211; Royal Australian Navy<\/a><\/li>\n<li><a href=\"http:\/\/www.navy.forces.gc.ca\/\" target=\"_blank\">Canad\u00e1 &#8211; Canadian Navy<\/a><\/li>\n<li><a href=\"http:\/\/www.armada.mil.co\/\" target=\"_blank\">Col\u00f4mbia &#8211; Armada Nacional da Rep\u00fablica da Col\u00f4mbia<\/a><\/li>\n<li><a href=\"http:\/\/www.navy.mil\/\" target=\"_blank\">EUA &#8211; U.S. Navy<\/a><\/li>\n<li><a href=\"http:\/\/www.marines.com\/\" target=\"_blank\">EUA &#8211; U.S. Marine Corps<\/a><\/li>\n<li><a href=\"http:\/\/www.mil.fi\/merivoimat\/index_en.dsp\" target=\"_blank\">Finl\u00e2ndia &#8211; Finnish Navy<\/a><\/li>\n<li><a href=\"http:\/\/\/\" target=\"_blank\">Fran\u00e7a &#8211; Marine France<\/a><\/li>\n<li><a href=\"http:\/\/www.royal-navy.mod.uk\/\" target=\"_blank\">Gr\u00e3 Bretanha &#8211; Royal Navy<\/a><\/li>\n<li><a href=\"http:\/\/www.hellas.org\/military\/navy\/\" target=\"_blank\">Gr\u00e9cia &#8211; Hellenic Navy<\/a><\/li>\n<li><a href=\"http:\/\/www.hellas.org\/military\/navy\/\" target=\"_blank\">Holanda &#8211; Koninklijke Marine<\/a><\/li>\n<li><a href=\"http:\/\/www.marina.difesa.it\/\" target=\"_blank\">It\u00e1lia &#8211; Marina Difesa<\/a><\/li>\n<li><a href=\"http:\/\/www.jda.go.jp\/\" target=\"_blank\">Jap\u00e3o<\/a><\/li>\n<li><a href=\"http:\/\/www.combinedfleet.com\/\" target=\"_blank\">Jap\u00e3o &#8211; Imperial Japanese Navy<\/a><\/li>\n<li><a href=\"http:\/\/www.mod.go.jp\/msdf\/index_e.php\" target=\"_blank\">Jap\u00e3o &#8211; Japan Maritime Self Defense Force<\/a><\/li>\n<li><a href=\"http:\/\/www.mil.no\/languages\/english\/start\/facts\/navy\/\" target=\"_blank\">Noruega &#8211; Norwegian Navy<\/a><\/li>\n<li><a href=\"http:\/\/www.navy.mil.nz\/\" target=\"_blank\">Nova Zel\u00e2ndia &#8211; New Zealand<\/a><\/li>\n<li><a href=\"http:\/\/www.paknavy.gov.pk\/\" target=\"_blank\">Paquist\u00e3o &#8211; Pakistan Navy<\/a><\/li>\n<li><a href=\"http:\/\/www.marinha.pt\/\" target=\"_blank\">Portugal &#8211; Marinha de Guerra Portuguesa<\/a><\/li>\n<li><a href=\"http:\/\/www.navy.ru\/\" target=\"_blank\">R\u00fassia &#8211; Russian Navy<\/a><\/li>\n<li><a href=\"http:\/\/www.webcom.com\/~amraam\/rnav.php\" target=\"_blank\">R\u00fassia &#8211; State of the Russian Navy Data Page<\/a><\/li>\n<li><a href=\"http:\/\/www.mindef.gov.sg\/imindef\/mindef_websites\/atozlistings\/navy\/home.php\" target=\"_blank\">Singapura<\/a><\/li>\n<li><a href=\"http:\/\/www.navy.mi.th\/\" target=\"_blank\">Tail\u00e2ndia &#8211; Royal Thai Navy<\/a><\/li>\n<li><a href=\"http:\/\/www.tsk.mil.tr\/\" target=\"_blank\">Turquia<\/a><\/li>\n<li><a href=\"http:\/\/www.armada.mil.ve\/\" target=\"_blank\">Venezuela &#8211; Armada de Venezuela<\/a><\/li>\n<\/ul>\n<p>&nbsp;<\/p>\n","protected":false},"excerpt":{"rendered":"<p>Alemanha Argentina Austr\u00e1lia &#8211; Royal Australian Navy Canad\u00e1 &#8211; Canadian Navy Col\u00f4mbia &#8211; Armada Nacional da Rep\u00fablica da Col\u00f4mbia EUA &#8211; U.S. Navy EUA &#8211; U.S. Marine Corps Finl\u00e2ndia &#8211; Finnish Navy Fran\u00e7a &#8211; Marine France Gr\u00e3 Bretanha &#8211; Royal Navy Gr\u00e9cia &#8211; Hellenic Navy Holanda &#8211; Koninklijke Marine It\u00e1lia &#8211; Marina Difesa Jap\u00e3o Jap\u00e3o [&hellip;]<\/p>\n<a role=\"link\" class=\"rtp-readmore\" title=\"Leia mais em Marinhas Estrangeiras\" href=\"https:\/\/www.asttral.com.br\/wordpress\/links-uteis\/marinhas-estrangeiras\/\" rel=\"nofollow\">Read More &rarr;<\/a>","protected":false},"author":1,"featured_media":0,"parent":89,"menu_order":0,"comment_status":"closed","ping_status":"closed","template":"","meta":[],"_links":{"self":[{"href":"https:\/\/www.asttral.com.br\/wordpress\/wp-json\/wp\/v2\/pages\/98"}],"collection":[{"href":"https:\/\/www.asttral.com.br\/wordpress\/wp-json\/wp\/v2\/pages"}],"about":[{"href":"https:\/\/www.asttral.com.br\/wordpress\/wp-json\/wp\/v2\/types\/page"}],"author":[{"embeddable":true,"href":"https:\/\/www.asttral.com.br\/wordpress\/wp-json\/wp\/v2\/users\/1"}],"replies":[{"embeddable":true,"href":"https:\/\/www.asttral.com.br\/wordpress\/wp-json\/wp\/v2\/comments?post=98"}],"version-history":[{"count":1,"href":"https:\/\/www.asttral.com.br\/wordpress\/wp-json\/wp\/v2\/pages\/98\/revisions"}],"predecessor-version":[{"id":99,"href":"https:\/\/www.asttral.com.br\/wordpress\/wp-json\/wp\/v2\/pages\/98\/revisions\/99"}],"up":[{"embeddable":true,"href":"https:\/\/www.asttral.com.br\/wordpress\/wp-json\/wp\/v2\/pages\/89"}],"wp:attachment":[{"href":"https:\/\/www.asttral.com.br\/wordpress\/wp-json\/wp\/v2\/media?parent=98"}],"curies":[{"name":"wp","href":"https:\/\/api.w.org\/{rel}","templated":true}]}}