{"id":77,"date":"2016-05-11T21:42:57","date_gmt":"2016-05-11T21:42:57","guid":{"rendered":"http:\/\/www.mestrephp.com.br\/wordpress\/?page_id=77"},"modified":"2017-02-09T10:23:19","modified_gmt":"2017-02-09T13:23:19","slug":"boas-vindas","status":"publish","type":"page","link":"https:\/\/www.asttral.com.br\/wordpress\/associacao\/boas-vindas\/","title":{"rendered":"Boas Vindas"},"content":{"rendered":"<blockquote><p>Alguns dos links abaixo ainda ser\u00e3o disponibilizados at\u00e9 o dia 13\/02\/2017. Desde j\u00e1 obrigado pela compreens\u00e3o.<\/p><\/blockquote>\n<ol>\n<li>At\u00e9 o presente momento, aproximadamente 250 membros da Turma Almirante Torres e Alvim est\u00e3o filiados \u00e0 Associa\u00e7\u00e3o e cadastrados neste site.<\/li>\n<li><u>Clique aqui para baixar o Guia do Usu\u00e1rio<\/u><\/li>\n<li>S\u00e3o oferecidos recursos (funcionalidades) reservados aos membros cadastrados, identificados pelo seu NIP e uma senha.<\/li>\n<li>Caso seja sua primeira visita, e seu e-mail tenha sido previamente cadastrado pelo <a href=\"mailto:admin@asttral.com.br\" target=\"_blank\">Administrador<\/a>, obtenha uma nova senha atrav\u00e9s da funcionalidade <a href=\"http:\/\/www.asttral.com.br\/wordpress\/wp-login.php?action=lostpassword\" target=\"_blank\">Recuperar Senha<\/a>.<\/li>\n<li>Para navegar em todo o site, \u00e9 necess\u00e1rio entrar na \u00e1rea reservada, digitando seu NIP (sem pontos) e a Senha.<\/li>\n<li>N\u00e3o deixe de alterar a senha original, para alterar sua senha leia o manual em PDF <a href=\"http:\/\/www.asttral.com.br\/wordpress\/wp-content\/uploads\/2017\/01\/alterar_senha.pdf\" target=\"_blank\">Alterar Senha<\/a>\u00a0que est\u00e1 dispon\u00edvel no Link <a href=\"http:\/\/www.asttral.com.br\/wordpress\/manuais\/\" target=\"_blank\">Manuais<\/a>\u00a0na barra de menus. Alterando sua senha, o membro est\u00e1 contribuindo com a seguran\u00e7a das informa\u00e7\u00f5es aqui dispon\u00edveis.<\/li>\n<li>Caso seus dados n\u00e3o estejam cadastrados, ou sua senha n\u00e3o seja enviada para sua caixa postal, imediatamente ap\u00f3s utilizar a funcionalidade <a href=\"http:\/\/www.asttral.com.br\/wordpress\/wp-login.php?action=lostpassword\" target=\"_blank\">Recuperar Senha<\/a>, envie mensagem ao <a href=\"mailto:admin@asttral.com.br\" target=\"_blank\">Administrador<\/a>, informando o ocorrido.<\/li>\n<li>Para o cadastramento, s\u00e3o necess\u00e1rios n\u00famero de corpo (NIP), nome completo e e-mail.<\/li>\n<li>Caso perten\u00e7a \u00e0 Turma e encontre-se afastado, ou ainda, caso tenha sido aluno do primeiro ano do Col\u00e9gio Naval em 1977, ou aspirante do primeiro ano da Escola Naval em 1980, ou ainda caso tenha se formado na Escola Naval em 1983 entre em contato.<\/li>\n<li>Caso possua contato com o pessoal que est\u00e1 afastado, informe-o(s) sobre a nossa Associa\u00e7\u00e3o e contribua com essa id\u00e9ia. A participa\u00e7\u00e3o de todos \u00e9 importante.<\/li>\n<\/ol>\n<p>&nbsp;<\/p>\n","protected":false},"excerpt":{"rendered":"<p>Alguns dos links abaixo ainda ser\u00e3o disponibilizados at\u00e9 o dia 13\/02\/2017. Desde j\u00e1 obrigado pela compreens\u00e3o. At\u00e9 o presente momento, aproximadamente 250 membros da Turma Almirante Torres e Alvim est\u00e3o filiados \u00e0 Associa\u00e7\u00e3o e cadastrados neste site. Clique aqui para baixar o Guia do Usu\u00e1rio S\u00e3o oferecidos recursos (funcionalidades) reservados aos membros cadastrados, identificados pelo [&hellip;]<\/p>\n<a role=\"link\" class=\"rtp-readmore\" title=\"Leia mais em Boas Vindas\" href=\"https:\/\/www.asttral.com.br\/wordpress\/associacao\/boas-vindas\/\" rel=\"nofollow\">Read More &rarr;<\/a>","protected":false},"author":1,"featured_media":0,"parent":74,"menu_order":0,"comment_status":"closed","ping_status":"closed","template":"","meta":[],"_links":{"self":[{"href":"https:\/\/www.asttral.com.br\/wordpress\/wp-json\/wp\/v2\/pages\/77"}],"collection":[{"href":"https:\/\/www.asttral.com.br\/wordpress\/wp-json\/wp\/v2\/pages"}],"about":[{"href":"https:\/\/www.asttral.com.br\/wordpress\/wp-json\/wp\/v2\/types\/page"}],"author":[{"embeddable":true,"href":"https:\/\/www.asttral.com.br\/wordpress\/wp-json\/wp\/v2\/users\/1"}],"replies":[{"embeddable":true,"href":"https:\/\/www.asttral.com.br\/wordpress\/wp-json\/wp\/v2\/comments?post=77"}],"version-history":[{"count":6,"href":"https:\/\/www.asttral.com.br\/wordpress\/wp-json\/wp\/v2\/pages\/77\/revisions"}],"predecessor-version":[{"id":574,"href":"https:\/\/www.asttral.com.br\/wordpress\/wp-json\/wp\/v2\/pages\/77\/revisions\/574"}],"up":[{"embeddable":true,"href":"https:\/\/www.asttral.com.br\/wordpress\/wp-json\/wp\/v2\/pages\/74"}],"wp:attachment":[{"href":"https:\/\/www.asttral.com.br\/wordpress\/wp-json\/wp\/v2\/media?parent=77"}],"curies":[{"name":"wp","href":"https:\/\/api.w.org\/{rel}","templated":true}]}}