{"id":74,"date":"2016-05-11T21:38:41","date_gmt":"2016-05-11T21:38:41","guid":{"rendered":"http:\/\/www.mestrephp.com.br\/wordpress\/?page_id=74"},"modified":"2016-05-11T21:38:41","modified_gmt":"2016-05-11T21:38:41","slug":"associacao","status":"publish","type":"page","link":"https:\/\/www.asttral.com.br\/wordpress\/associacao\/","title":{"rendered":"Associa\u00e7\u00e3o"},"content":{"rendered":"<p>Temos por finalidade manter o contato e divulgar informa\u00e7\u00f5es \u00fateis para Associa\u00e7\u00e3o da Turma Almirante Torres e Alvim.<\/p>\n","protected":false},"excerpt":{"rendered":"<p>Temos por finalidade manter o contato e divulgar informa\u00e7\u00f5es \u00fateis para Associa\u00e7\u00e3o da Turma Almirante Torres e Alvim.<\/p>\n<a role=\"link\" class=\"rtp-readmore\" title=\"Leia mais em Associa\u00e7\u00e3o\" href=\"https:\/\/www.asttral.com.br\/wordpress\/associacao\/\" rel=\"nofollow\">Read More &rarr;<\/a>","protected":false},"author":1,"featured_media":0,"parent":0,"menu_order":0,"comment_status":"closed","ping_status":"closed","template":"","meta":[],"_links":{"self":[{"href":"https:\/\/www.asttral.com.br\/wordpress\/wp-json\/wp\/v2\/pages\/74"}],"collection":[{"href":"https:\/\/www.asttral.com.br\/wordpress\/wp-json\/wp\/v2\/pages"}],"about":[{"href":"https:\/\/www.asttral.com.br\/wordpress\/wp-json\/wp\/v2\/types\/page"}],"author":[{"embeddable":true,"href":"https:\/\/www.asttral.com.br\/wordpress\/wp-json\/wp\/v2\/users\/1"}],"replies":[{"embeddable":true,"href":"https:\/\/www.asttral.com.br\/wordpress\/wp-json\/wp\/v2\/comments?post=74"}],"version-history":[{"count":1,"href":"https:\/\/www.asttral.com.br\/wordpress\/wp-json\/wp\/v2\/pages\/74\/revisions"}],"predecessor-version":[{"id":75,"href":"https:\/\/www.asttral.com.br\/wordpress\/wp-json\/wp\/v2\/pages\/74\/revisions\/75"}],"wp:attachment":[{"href":"https:\/\/www.asttral.com.br\/wordpress\/wp-json\/wp\/v2\/media?parent=74"}],"curies":[{"name":"wp","href":"https:\/\/api.w.org\/{rel}","templated":true}]}}