{"id":100,"date":"2016-05-11T22:25:31","date_gmt":"2016-05-11T22:25:31","guid":{"rendered":"http:\/\/www.mestrephp.com.br\/wordpress\/?page_id=100"},"modified":"2016-05-11T22:25:31","modified_gmt":"2016-05-11T22:25:31","slug":"unidades-mb","status":"publish","type":"page","link":"https:\/\/www.asttral.com.br\/wordpress\/links-uteis\/unidades-mb\/","title":{"rendered":"Unidades MB"},"content":{"rendered":"<ul>\n<li><a href=\"https:\/\/www.mar.mil.br\/bnvc\/\" target=\"_blank\">Base Naval de Val-de-C\u00e3es (BNVC)<\/a><\/li>\n<li><a href=\"http:\/\/www.bamrj.mar.mil.br\/\" target=\"_blank\">Base de Abastecimento da Marinha no Rio de Janeiro (BAMRJ)<\/a><\/li>\n<li><a href=\"http:\/\/www.banspa.mar.mil.br\/\" target=\"_blank\">Base A\u00e9rea Naval de S\u00e3o Pedro da Aldeia (BAeNSPA)<\/a><\/li>\n<li><a href=\"http:\/\/www.cccpmm.mar.mil.br\/\" target=\"_blank\">Caixa de Constru\u00e7\u00f5es de Casas para o Pessoal do Minist\u00e9rio da Marinha (CCCPMM)<\/a><\/li>\n<li><a href=\"http:\/\/www.cpba.mar.mil.br\/\" target=\"_blank\">Capitania dos Portos da Bahia (CPBA)<\/a><\/li>\n<li><a href=\"http:\/\/www.cpce.mar.mil.br\/\" target=\"_blank\">Capitania dos Portos do Cear\u00e1 (CPCE)<\/a><\/li>\n<li><a href=\"http:\/\/www.mar.mil.br\/cpes\" target=\"_blank\">Capitania dos Portos do Esp\u00edrito Santo (CPES)<\/a><\/li>\n<li><a href=\"http:\/\/www.cprj.mar.mil.br\/\" target=\"_blank\">Capitania dos Portos do Estado do Rio de Janeiro (CPRJ)<\/a><\/li>\n<li><a href=\"http:\/\/www.cpsc.mar.mil.br\/\" target=\"_blank\">Capitania dos Portos de Santa Catarina (CPSC)<\/a><\/li>\n<li><a href=\"http:\/\/www.cpsp.mar.mil.br\/\" target=\"_blank\">Capitania dos Portos de S\u00e3o Paulo (CPSP)<\/a><\/li>\n<li><a href=\"http:\/\/www.cpse.mar.mil.br\/\" target=\"_blank\">Capitania dos Portos de Sergipe (CPSE)<\/a><\/li>\n<li><a href=\"http:\/\/www.casnav.mar.mil.br\/\" target=\"_blank\">Centro de An\u00e1lises de Sistemas Navais (CASNAV)<\/a><\/li>\n<li><a href=\"http:\/\/www.cam.mar.mil.br\/\" target=\"_blank\">Centro de Armas da Marinha (CAM)<\/a><\/li>\n<li><a href=\"http:\/\/www.cefan.mar.mil.br\/\" target=\"_blank\">Centro de Educa\u00e7\u00e3o F\u00edsica Almirante Adalberto Nunes (CEFAN)<\/a><\/li>\n<li><a href=\"http:\/\/www.mar.mil.br\/cetm\" target=\"_blank\">Centro de Eletr\u00f4nica da Marinha (CETM)<\/a><\/li>\n<li><a href=\"http:\/\/www.ciaa.mar.mil.br\/\" target=\"_blank\">Centro de Instru\u00e7\u00e3o Almirante Alexandrino (CIAA)<\/a><\/li>\n<li><a href=\"http:\/\/www.ciaan.mar.mil.br\/\" target=\"_blank\">Centro de Instru\u00e7\u00e3o e Adestramento Aeronaval (CIAAN)<\/a><\/li>\n<li><a href=\"http:\/\/www.ciama.mar.mil.br\/\" target=\"_blank\">Centro de Instru\u00e7\u00e3o e Adestramento Almirante \u00c1ttila Monteiro Ach\u00e9 (CIAMA)<\/a><\/li>\n<li><a href=\"http:\/\/www.ciaga.mar.mil.br\/\" target=\"_blank\">Centro de Instru\u00e7\u00e3o Almirante Gra\u00e7a Aranha (CIAGA)<\/a><\/li>\n<li><a href=\"http:\/\/www.ciaw.mar.mil.br\/\" target=\"_blank\">Centro de Instru\u00e7\u00e3o Almirante Wandenkolk (CIAW)<\/a><\/li>\n<li><a href=\"http:\/\/www.comrj.mar.mil.br\/\" target=\"_blank\">Centro de Obten\u00e7\u00e3o da Marinha no Rio de Janeiro (Licita\u00e7\u00f5es)<\/a><\/li>\n<li><a href=\"http:\/\/www.camr.mar.mil.br\/\" target=\"_blank\">Centro de Sinaliza\u00e7\u00e3o N\u00e1utica e Reparos Almirante Moraes Rego (CAMR)<\/a><\/li>\n<li><a href=\"http:\/\/www.ctmsp.mar.mil.br\/\" target=\"_blank\">Centro Tecnol\u00f3gico da Marinha em S\u00e3o Paulo (CTMSP)<\/a><\/li>\n<li><a href=\"http:\/\/www.mar.mil.br\/cn\/\" target=\"_blank\">Col\u00e9gio Naval (CN)<\/a><\/li>\n<li><a href=\"http:\/\/www.comcontram.mar.mil.br\/\" target=\"_blank\">Comando do Controle Naval do Tr\u00e1fego Mar\u00edtimo (ComCoNTraM)<\/a><\/li>\n<li><a href=\"http:\/\/www.foraer.mar.mil.br\/\" target=\"_blank\">Comando da For\u00e7a Aeronaval (ComForAerNav)<\/a><\/li>\n<li><a href=\"http:\/\/www.comfors.mar.mil.br\/\" target=\"_blank\">Comando da For\u00e7a de Submarinos (ComForS)<\/a><\/li>\n<li><a href=\"http:\/\/www.comffe.mar.mil.br\/\" target=\"_blank\">Comando da For\u00e7a de Fuzileiros da Esquadra (COMFFE)<\/a><\/li>\n<li><a href=\"http:\/\/www.cgcfn.mar.mil.br\/\" target=\"_blank\">Comando Geral do Corpo de Fuzileiros Navais (CGCFN)<\/a><\/li>\n<li><a href=\"http:\/\/www.mar.mil.br\/1dn\" target=\"_blank\">Comando do 1\u00b0 Distrito Naval<\/a><\/li>\n<li><a href=\"http:\/\/www.mar.mil.br\/2dn\" target=\"_blank\">Comando do 2\u00b0 Distrito Naval<\/a><\/li>\n<li><a href=\"http:\/\/www.mar.mil.br\/3dn\" target=\"_blank\">Comando do 3\u00b0 Distrito Naval<\/a><\/li>\n<li><a href=\"http:\/\/www.mar.mil.br\/4dn\" target=\"_blank\">Comando do 4\u00b0 Distrito Naval<\/a><\/li>\n<li><a href=\"http:\/\/www.mar.mil.br\/5dn\" target=\"_blank\">Comando do 5\u00b0 Distrito Naval<\/a><\/li>\n<li><a href=\"http:\/\/www.mar.mil.br\/6dn\" target=\"_blank\">Comando do 6\u00b0 Distrito Naval<\/a><\/li>\n<li><a href=\"http:\/\/www.mar.mil.br\/7dn\" target=\"_blank\">Comando do 7\u00b0 Distrito Naval<\/a><\/li>\n<li><a href=\"http:\/\/www.mar.mil.br\/8dn\" target=\"_blank\">Comando do 8\u00b0 Distrito Naval<\/a><\/li>\n<li><a href=\"http:\/\/www.mar.mil.br\/9dn\" target=\"_blank\">Comando do 9\u00b0 Distrito Naval<\/a><\/li>\n<li><a href=\"https:\/\/www.ccaimo.mar.mil.br\/\" target=\"_blank\">Comiss\u00e3o Coordenadora dos Assuntos da Organiza\u00e7\u00e3o Mar\u00edtima Internacional (CCA-IMO)<\/a><\/li>\n<li><a href=\"http:\/\/www.cdm.mar.mil.br\/\" target=\"_blank\">Comiss\u00e3o de Desportos da Marinha (CDM)<\/a><\/li>\n<li><a href=\"http:\/\/www.comforsup.mar.mil.br\/\" target=\"_blank\">Comando da For\u00e7a de Superf\u00edcie (COMFORSUP)<\/a><\/li>\n<li><a href=\"http:\/\/www.intendencia.mar.mil.br\/\" target=\"_blank\">Corpo de Intendentes da Marinha (CIM)<\/a><\/li>\n<li><a href=\"http:\/\/www.cvjaceguai.mar.mil.br\/cvjaceguai.htm\" target=\"_blank\">Corveta Jaceguai<\/a><\/li>\n<li><a href=\"http:\/\/www.naviosdeguerrabrasileiros.hpg.ig.com.br\/j\/j004\/j004.htm\" target=\"_blank\">Dep\u00f3sito Naval de Manaus (DepNavMa)<\/a><\/li>\n<li><a href=\"http:\/\/www.daerm.mar.mil.br\/\" target=\"_blank\">Diretoria de Aeron\u00e1utica da Marinha (DAerM)<\/a><\/li>\n<li><a href=\"http:\/\/www.dasm.mar.mil.br\/\" target=\"_blank\">Diretoria de Assist\u00eancia Social da Marinha (DASM)<\/a><\/li>\n<li><a href=\"http:\/\/www.dcom.mar.mil.br\/\" target=\"_blank\">Diretoria de Contas da Marinha (DCOM)<\/a><\/li>\n<li><a href=\"http:\/\/www.den.mar.mil.br\/\" target=\"_blank\">Diretoria de Engenharia Naval (DEN)<\/a><\/li>\n<li><a href=\"http:\/\/www.densm.mar.mil.br\/\" target=\"_blank\">Diretoria de Ensino da Marinha (DEnsM)<\/a><br \/>\n(Como ingressar na Marinha!)<\/li>\n<li><a href=\"http:\/\/www.dhn.mar.mil.br\/\" target=\"_blank\">Diretoria de Hidrografia e Navega\u00e7\u00e3o (DHN)<\/a><\/li>\n<li><a href=\"http:\/\/www.dpc.mar.mil.br\/\" target=\"_blank\">Diretoria de Portos e Costas (DPC)<\/a><\/li>\n<li><a href=\"http:\/\/www.dsm.mar.mil.br\/\" target=\"_blank\">Diretoria de Sa\u00fade da Marinha (DSM)<\/a><\/li>\n<li><a href=\"http:\/\/www.dsam.mar.mil.br\/\" target=\"_blank\">Diretoria de Sistemas de Armas da Marinha (DSAM)<\/a><\/li>\n<li><a href=\"http:\/\/www.dtm.mar.mil.br\/\" target=\"_blank\">Diretoria de Telecomunica\u00e7\u00f5es da Marinha (DTM)<\/a><\/li>\n<li><a href=\"http:\/\/www.dpcvm.mar.mil.br\/\" target=\"_blank\">Diretoria do Pessoal Civil da Marinha (DPCVM)<\/a><\/li>\n<li><a href=\"http:\/\/www.emgepron.mar.mil.br\/\" target=\"_blank\">Empresa Gerencial de Projetos Navais (EMGEPRON)<\/a><\/li>\n<li><a href=\"http:\/\/www.mar.mil.br\/3dn\/eamce.htm\" target=\"_blank\">Escola de Aprendizes-Marinheiros do Cear\u00e1 (EAMCE)<\/a><\/li>\n<li><a href=\"http:\/\/www.mar.mil.br\/eames\/\" target=\"_blank\">Escola de Aprendizes-Marinheiros do Esp\u00edrito Santo (EAMES)<\/a><\/li>\n<li><a href=\"http:\/\/www.mar.mil.br\/eampe\/\" target=\"_blank\">Escola de Aprendizes-Marinheiros de Pernambuco (EAMPE)<\/a><\/li>\n<li><a href=\"http:\/\/www.mar.mil.br\/eamsc\/\" target=\"_blank\">Escola de Aprendizes-Marinheiros de Santa Catarina (EAMSC)<\/a><\/li>\n<li><a href=\"http:\/\/www.egn.mar.mil.br\/\" target=\"_blank\">Escola de Guerra Naval (EGN)<\/a><\/li>\n<li><a href=\"http:\/\/www.en.mar.mil.br\/\" target=\"_blank\">Escola Naval (EN)<\/a><\/li>\n<li><a href=\"http:\/\/www.naviosdeguerrabrasileiros.hpg.ig.com.br\/D\/D025\/D025.htm\" target=\"_blank\">Fragata Dodsworth<\/a><\/li>\n<li><a href=\"http:\/\/www.naviosdeguerrabrasileiros.hpg.ig.com.br\/I\/I027\/I027.htm\" target=\"_blank\">Fragata Independ\u00eancia<\/a><\/li>\n<li><a href=\"http:\/\/www.ieapm.mar.mil.br\/\" target=\"_blank\">Instituto de Estudos do Mar Almirante Paulo Moreira (IEAPM)<\/a><\/li>\n<li><a href=\"http:\/\/www.ipqm.mar.mil.br\/\" target=\"_blank\">Instituto de Pesquisas da Marinha (IPqM)<\/a><\/li>\n<li><a href=\"http:\/\/www.ocm.mar.mil.br\/\" target=\"_blank\">Odontocl\u00ednica Central da Marinha (OCM)<\/a><\/li>\n<li><a href=\"http:\/\/www.papem.mar.mil.br\/\" target=\"_blank\">Pagadoria de Pessoal da Marinha (PAPEM)<\/a><\/li>\n<li><a href=\"http:\/\/www.eha-1.mar.mil.br\/\" target=\"_blank\">Primeiro Esquadr\u00e3o de Helic\u00f3pteros de Esclarecimento e Ataque (HA-1)<\/a><\/li>\n<li><a href=\"http:\/\/www.secirm.mar.mil.br\/\" target=\"_blank\">Secretaria da Comiss\u00e3o Interministerial para os Recursos do Mar (SECIRM)<\/a><\/li>\n<li><a href=\"http:\/\/www.sdm.mar.mil.br\/index.htm\" target=\"_blank\">Servi\u00e7o de Documenta\u00e7\u00e3o da Marinha (SDM)<\/a><\/li>\n<li><a href=\"http:\/\/www.sim.mar.mil.br\/\" target=\"_blank\">Servi\u00e7o de Identifica\u00e7\u00e3o da Marinha (SIM)<\/a><\/li>\n<li><a href=\"http:\/\/www.sipm.mar.mil.br\/\" target=\"_blank\">Servi\u00e7o de Inativos e Pensionistas da Marinha (SIPM)<\/a><\/li>\n<li><a href=\"http:\/\/www.sspm.mar.mil.br\/\" target=\"_blank\">Servi\u00e7o de Sele\u00e7\u00e3o do Pessoal da Marinha (SSPM)<\/a><\/li>\n<li><a href=\"http:\/\/www.naviosdeguerrabrasileiros.hpg.ig.com.br\/T\/T007\/T007.htm\" target=\"_blank\">Submarino Tamoio<\/a><\/li>\n<li><a href=\"http:\/\/www.tm.mar.mil.br\/\" target=\"_blank\">Tribunal Mar\u00edtimo (TM)<\/a><\/li>\n<\/ul>\n","protected":false},"excerpt":{"rendered":"<p>Base Naval de Val-de-C\u00e3es (BNVC) Base de Abastecimento da Marinha no Rio de Janeiro (BAMRJ) Base A\u00e9rea Naval de S\u00e3o Pedro da Aldeia (BAeNSPA) Caixa de Constru\u00e7\u00f5es de Casas para o Pessoal do Minist\u00e9rio da Marinha (CCCPMM) Capitania dos Portos da Bahia (CPBA) Capitania dos Portos do Cear\u00e1 (CPCE) Capitania dos Portos do Esp\u00edrito Santo [&hellip;]<\/p>\n<a role=\"link\" class=\"rtp-readmore\" title=\"Leia mais em Unidades MB\" href=\"https:\/\/www.asttral.com.br\/wordpress\/links-uteis\/unidades-mb\/\" rel=\"nofollow\">Read More &rarr;<\/a>","protected":false},"author":1,"featured_media":0,"parent":89,"menu_order":0,"comment_status":"closed","ping_status":"closed","template":"","meta":[],"_links":{"self":[{"href":"https:\/\/www.asttral.com.br\/wordpress\/wp-json\/wp\/v2\/pages\/100"}],"collection":[{"href":"https:\/\/www.asttral.com.br\/wordpress\/wp-json\/wp\/v2\/pages"}],"about":[{"href":"https:\/\/www.asttral.com.br\/wordpress\/wp-json\/wp\/v2\/types\/page"}],"author":[{"embeddable":true,"href":"https:\/\/www.asttral.com.br\/wordpress\/wp-json\/wp\/v2\/users\/1"}],"replies":[{"embeddable":true,"href":"https:\/\/www.asttral.com.br\/wordpress\/wp-json\/wp\/v2\/comments?post=100"}],"version-history":[{"count":1,"href":"https:\/\/www.asttral.com.br\/wordpress\/wp-json\/wp\/v2\/pages\/100\/revisions"}],"predecessor-version":[{"id":101,"href":"https:\/\/www.asttral.com.br\/wordpress\/wp-json\/wp\/v2\/pages\/100\/revisions\/101"}],"up":[{"embeddable":true,"href":"https:\/\/www.asttral.com.br\/wordpress\/wp-json\/wp\/v2\/pages\/89"}],"wp:attachment":[{"href":"https:\/\/www.asttral.com.br\/wordpress\/wp-json\/wp\/v2\/media?parent=100"}],"curies":[{"name":"wp","href":"https:\/\/api.w.org\/{rel}","templated":true}]}}